{"id":4578,"date":"2025-08-11T05:42:23","date_gmt":"2025-08-11T05:42:23","guid":{"rendered":"https:\/\/anabelcano.com\/?post_type=product&#038;p=4578"},"modified":"2025-11-07T17:33:39","modified_gmt":"2025-11-07T17:33:39","slug":"fire-8","status":"publish","type":"product","link":"https:\/\/anabelcano.com\/en\/product\/fire-8\/","title":{"rendered":"\u00d3palo en fuego #8"},"content":{"rendered":"","protected":false},"excerpt":{"rendered":"<p>Una llama que sostiene a un \u00f3palo de fuego se convierte en pleonasmo y talism\u00e1n que aviva el fuego interno.<\/p>\n<p>&nbsp;<\/p>\n<p>Los \u00f3palos contienen el secreto iridiscente \u2014alquimia de luz\u2014 que emana colores fluorescentes.<\/p>\n<p>&nbsp;<\/p>\n<p>Sterling silver<br \/>\nStone: Fire opal<br \/>\nOrigin: Magdalena, Jalisco<br \/>\nPendant length: 4.6cm<br \/>\nChain Length: 55cm or 60cm<\/p>\n<p>&nbsp;<\/p>\n<p>* Please specify the desired length in the checkout comments.<\/p>\n<p>* The female model is wearing a 55 cm long chain; for men or women with a large build, a 60 cm long chain is recommended.<\/p>\n<p>&nbsp;<\/p>\n","protected":false},"featured_media":4585,"template":"","meta":[],"product_brand":[],"product_cat":[136,310,234,238,52,139],"product_tag":[243,312,241,96,311,84],"class_list":{"0":"post-4578","1":"product","2":"type-product","3":"status-publish","4":"has-post-thumbnail","6":"product_cat-fine-jewelry","7":"product_cat-fire-opals","8":"product_cat-necklaces-3","9":"product_cat-one-of-a-kind","10":"product_cat-see-all","11":"product_cat-silver","12":"product_tag-fire-opal","13":"product_tag-fire-pendant","14":"product_tag-mexican-opal","15":"product_tag-necklace","16":"product_tag-opal-pendant","17":"product_tag-silver","19":"first","20":"instock","21":"shipping-taxable","22":"purchasable","23":"product-type-simple"},"_links":{"self":[{"href":"https:\/\/anabelcano.com\/en\/wp-json\/wp\/v2\/product\/4578","targetHints":{"allow":["GET"]}}],"collection":[{"href":"https:\/\/anabelcano.com\/en\/wp-json\/wp\/v2\/product"}],"about":[{"href":"https:\/\/anabelcano.com\/en\/wp-json\/wp\/v2\/types\/product"}],"wp:featuredmedia":[{"embeddable":true,"href":"https:\/\/anabelcano.com\/en\/wp-json\/wp\/v2\/media\/4585"}],"wp:attachment":[{"href":"https:\/\/anabelcano.com\/en\/wp-json\/wp\/v2\/media?parent=4578"}],"wp:term":[{"taxonomy":"product_brand","embeddable":true,"href":"https:\/\/anabelcano.com\/en\/wp-json\/wp\/v2\/product_brand?post=4578"},{"taxonomy":"product_cat","embeddable":true,"href":"https:\/\/anabelcano.com\/en\/wp-json\/wp\/v2\/product_cat?post=4578"},{"taxonomy":"product_tag","embeddable":true,"href":"https:\/\/anabelcano.com\/en\/wp-json\/wp\/v2\/product_tag?post=4578"}],"curies":[{"name":"wp","href":"https:\/\/api.w.org\/{rel}","templated":true}]}}